{"id":149,"date":"2024-11-23T17:28:13","date_gmt":"2024-11-23T16:28:13","guid":{"rendered":"https:\/\/catamaran-nglocation.com\/?page_id=149"},"modified":"2024-11-24T14:25:49","modified_gmt":"2024-11-24T13:25:49","slug":"nos-services","status":"publish","type":"page","link":"https:\/\/catamaran-nglocation.com\/index.php\/nos-services\/","title":{"rendered":"Nos Services"},"content":{"rendered":"\n<div class=\"wp-block-columns alignwide is-layout-flex wp-container-core-columns-is-layout-29eb569e wp-block-columns-is-layout-flex\" style=\"border-style:none;border-width:0px;margin-top:0;margin-bottom:0;padding-top:0;padding-right:var(--wp--preset--spacing--20);padding-bottom:0;padding-left:var(--wp--preset--spacing--20)\">\n<div class=\"wp-block-column is-layout-flow wp-block-column-is-layout-flow\" style=\"flex-basis:15%\"><\/div>\n\n\n\n<div class=\"wp-block-column is-layout-flow wp-block-column-is-layout-flow\" style=\"flex-basis:250px\">\n<figure class=\"wp-block-image size-large\"><img loading=\"lazy\" decoding=\"async\" width=\"1024\" height=\"838\" src=\"https:\/\/catamaran-nglocation.com\/wp-content\/uploads\/2024\/11\/journee-mejean-1-1024x838.jpg\" alt=\"\" class=\"wp-image-179\" srcset=\"https:\/\/catamaran-nglocation.com\/wp-content\/uploads\/2024\/11\/journee-mejean-1-1024x838.jpg 1024w, https:\/\/catamaran-nglocation.com\/wp-content\/uploads\/2024\/11\/journee-mejean-1-300x245.jpg 300w, https:\/\/catamaran-nglocation.com\/wp-content\/uploads\/2024\/11\/journee-mejean-1-768x628.jpg 768w, https:\/\/catamaran-nglocation.com\/wp-content\/uploads\/2024\/11\/journee-mejean-1.jpg 1320w\" sizes=\"auto, (max-width: 1024px) 100vw, 1024px\" \/><\/figure>\n\n\n\n<div class=\"wp-block-group is-vertical is-content-justification-center is-nowrap is-layout-flex wp-container-core-group-is-layout-21d4e958 wp-block-group-is-layout-flex\">\n<p class=\"has-text-align-center has-medium-font-size\"><strong>Sortie \u00e0 la journ\u00e9e<\/strong><\/p>\n\n\n\n<p class=\"has-text-align-center has-small-font-size\">Navigation en famille ou entre amis, d\u00e9couverte des man\u0153uvres, baignades autour d&rsquo;un d\u00e9jeuner<\/p>\n<\/div>\n<\/div>\n\n\n\n<div class=\"wp-block-column is-layout-flow wp-block-column-is-layout-flow\" style=\"flex-basis:250px\">\n<figure class=\"wp-block-image size-large\"><img loading=\"lazy\" decoding=\"async\" width=\"1024\" height=\"768\" src=\"https:\/\/catamaran-nglocation.com\/wp-content\/uploads\/2024\/11\/IMG-20240728-WA0057-1024x768.jpg\" alt=\"\" class=\"wp-image-176\" srcset=\"https:\/\/catamaran-nglocation.com\/wp-content\/uploads\/2024\/11\/IMG-20240728-WA0057-1024x768.jpg 1024w, https:\/\/catamaran-nglocation.com\/wp-content\/uploads\/2024\/11\/IMG-20240728-WA0057-300x225.jpg 300w, https:\/\/catamaran-nglocation.com\/wp-content\/uploads\/2024\/11\/IMG-20240728-WA0057-768x576.jpg 768w, https:\/\/catamaran-nglocation.com\/wp-content\/uploads\/2024\/11\/IMG-20240728-WA0057-1536x1152.jpg 1536w, https:\/\/catamaran-nglocation.com\/wp-content\/uploads\/2024\/11\/IMG-20240728-WA0057.jpg 1600w\" sizes=\"auto, (max-width: 1024px) 100vw, 1024px\" \/><\/figure>\n\n\n\n<div class=\"wp-block-group is-vertical is-content-justification-center is-nowrap is-layout-flex wp-container-core-group-is-layout-63bfd6c1 wp-block-group-is-layout-flex\">\n<p class=\"has-text-align-center has-medium-font-size\"><strong>Ev\u00e9nements festifs<\/strong><\/p>\n\n\n\n<p class=\"has-text-align-center has-small-font-size\">Enterrement de vie de jeunes filles \/ gar\u00e7ons, ap\u00e9ro \u00ab\u00a0coucher de soleil\u00a0\u00bb, feu d&rsquo;artifice &#8230;<\/p>\n<\/div>\n<\/div>\n\n\n\n<div class=\"wp-block-column is-layout-flow wp-block-column-is-layout-flow\" style=\"flex-basis:250px\">\n<figure class=\"wp-block-image size-full\"><img loading=\"lazy\" decoding=\"async\" width=\"500\" height=\"400\" src=\"https:\/\/catamaran-nglocation.com\/wp-content\/uploads\/2024\/11\/incentive-1.jpg\" alt=\"\" class=\"wp-image-207\" srcset=\"https:\/\/catamaran-nglocation.com\/wp-content\/uploads\/2024\/11\/incentive-1.jpg 500w, https:\/\/catamaran-nglocation.com\/wp-content\/uploads\/2024\/11\/incentive-1-300x240.jpg 300w\" sizes=\"auto, (max-width: 500px) 100vw, 500px\" \/><\/figure>\n\n\n\n<div class=\"wp-block-group is-vertical is-content-justification-center is-nowrap is-layout-flex wp-container-core-group-is-layout-63bfd6c1 wp-block-group-is-layout-flex\">\n<p class=\"has-text-align-center has-medium-font-size\"><strong>Incentive soci\u00e9t\u00e9<\/strong><\/p>\n\n\n\n<p class=\"has-text-align-center has-small-font-size\">Journ\u00e9e \u00ab\u00a0team building\u00a0\u00bb et coh\u00e9sion, tout le monde participe aux man\u0153uvres<\/p>\n<\/div>\n<\/div>\n<\/div>\n\n\n\n<div style=\"height:33px\" aria-hidden=\"true\" class=\"wp-block-spacer\"><\/div>\n\n\n\n<div class=\"wp-block-columns alignwide is-layout-flex wp-container-core-columns-is-layout-29eb569e wp-block-columns-is-layout-flex\" style=\"border-style:none;border-width:0px;margin-top:0;margin-bottom:0;padding-top:0;padding-right:var(--wp--preset--spacing--20);padding-bottom:0;padding-left:var(--wp--preset--spacing--20)\">\n<div class=\"wp-block-column is-layout-flow wp-block-column-is-layout-flow\" style=\"flex-basis:15%\"><\/div>\n\n\n\n<div class=\"wp-block-column is-layout-flow wp-block-column-is-layout-flow\" style=\"flex-basis:250px\">\n<figure class=\"wp-block-image size-full is-resized is-style-rounded is-style-rounded--1\"><img loading=\"lazy\" decoding=\"async\" width=\"901\" height=\"685\" src=\"https:\/\/catamaran-nglocation.com\/wp-content\/uploads\/2024\/11\/van-T5.jpg\" alt=\"\" class=\"wp-image-150\" style=\"aspect-ratio:1;object-fit:cover;width:250px\" srcset=\"https:\/\/catamaran-nglocation.com\/wp-content\/uploads\/2024\/11\/van-T5.jpg 901w, https:\/\/catamaran-nglocation.com\/wp-content\/uploads\/2024\/11\/van-T5-300x228.jpg 300w, https:\/\/catamaran-nglocation.com\/wp-content\/uploads\/2024\/11\/van-T5-768x584.jpg 768w\" sizes=\"auto, (max-width: 901px) 100vw, 901px\" \/><\/figure>\n\n\n\n<div class=\"wp-block-group is-vertical is-content-justification-center is-nowrap is-layout-flex wp-container-core-group-is-layout-21d4e958 wp-block-group-is-layout-flex\">\n<p class=\"has-text-align-center has-medium-font-size\"><strong>Transfert<\/strong><\/p>\n\n\n\n<p class=\"has-text-align-center has-small-font-size\">Vous arrivez \u00e0 un  a\u00e9roport ou une gare TGV, consultez nous et nous vous r\u00e9cup\u00e9rons  en VW Multivan (6 places)<\/p>\n<\/div>\n<\/div>\n\n\n\n<div class=\"wp-block-column is-layout-flow wp-block-column-is-layout-flow\" style=\"flex-basis:250px\">\n<figure class=\"wp-block-image size-full is-resized is-style-rounded is-style-rounded--2\"><img loading=\"lazy\" decoding=\"async\" width=\"818\" height=\"676\" src=\"https:\/\/catamaran-nglocation.com\/wp-content\/uploads\/2024\/11\/avitaillement.jpg\" alt=\"\" class=\"wp-image-151\" style=\"aspect-ratio:1;object-fit:cover;width:250px\" srcset=\"https:\/\/catamaran-nglocation.com\/wp-content\/uploads\/2024\/11\/avitaillement.jpg 818w, https:\/\/catamaran-nglocation.com\/wp-content\/uploads\/2024\/11\/avitaillement-300x248.jpg 300w, https:\/\/catamaran-nglocation.com\/wp-content\/uploads\/2024\/11\/avitaillement-768x635.jpg 768w\" sizes=\"auto, (max-width: 818px) 100vw, 818px\" \/><\/figure>\n\n\n\n<div class=\"wp-block-group is-vertical is-content-justification-center is-nowrap is-layout-flex wp-container-core-group-is-layout-63bfd6c1 wp-block-group-is-layout-flex\">\n<p class=\"has-text-align-center has-medium-font-size\"><strong>Avitaillement<\/strong><\/p>\n\n\n\n<p class=\"has-text-align-center has-small-font-size\">Vous nous donnez une liste de course, et on la fait livrer au bateau pour votre arriv\u00e9e<\/p>\n<\/div>\n<\/div>\n\n\n\n<div class=\"wp-block-column is-layout-flow wp-block-column-is-layout-flow\" style=\"flex-basis:250px\">\n<figure class=\"wp-block-image size-full is-resized is-style-rounded is-style-rounded--3\"><img loading=\"lazy\" decoding=\"async\" width=\"539\" height=\"608\" src=\"https:\/\/catamaran-nglocation.com\/wp-content\/uploads\/2024\/11\/one-way.jpg\" alt=\"\" class=\"wp-image-153\" style=\"aspect-ratio:1;object-fit:cover;width:250px\" srcset=\"https:\/\/catamaran-nglocation.com\/wp-content\/uploads\/2024\/11\/one-way.jpg 539w, https:\/\/catamaran-nglocation.com\/wp-content\/uploads\/2024\/11\/one-way-266x300.jpg 266w\" sizes=\"auto, (max-width: 539px) 100vw, 539px\" \/><\/figure>\n\n\n\n<div class=\"wp-block-group is-vertical is-content-justification-center is-nowrap is-layout-flex wp-container-core-group-is-layout-63bfd6c1 wp-block-group-is-layout-flex\">\n<p class=\"has-text-align-center has-medium-font-size\"><strong>One way<\/strong><\/p>\n\n\n\n<p class=\"has-text-align-center has-small-font-size\">Vous souhaitez une travers\u00e9e aller mais pas le retour pour optimiser les vacances<\/p>\n<\/div>\n<\/div>\n<\/div>\n\n\n\n<div style=\"height:33px\" aria-hidden=\"true\" class=\"wp-block-spacer\"><\/div>\n\n\n\n<div class=\"wp-block-columns alignwide are-vertically-aligned-center is-layout-flex wp-container-core-columns-is-layout-47c06fe3 wp-block-columns-is-layout-flex\">\n<div class=\"wp-block-column is-layout-flow wp-block-column-is-layout-flow\" style=\"flex-basis:20%\"><\/div>\n\n\n\n<div class=\"wp-block-column is-vertically-aligned-center is-layout-flow wp-block-column-is-layout-flow\" style=\"flex-basis:30%\">\n<figure class=\"wp-block-image size-full is-resized\"><img loading=\"lazy\" decoding=\"async\" width=\"765\" height=\"667\" src=\"https:\/\/catamaran-nglocation.com\/wp-content\/uploads\/2024\/11\/sur-mesure.jpg\" alt=\"\" class=\"wp-image-157\" style=\"width:250px\" srcset=\"https:\/\/catamaran-nglocation.com\/wp-content\/uploads\/2024\/11\/sur-mesure.jpg 765w, https:\/\/catamaran-nglocation.com\/wp-content\/uploads\/2024\/11\/sur-mesure-300x262.jpg 300w\" sizes=\"auto, (max-width: 765px) 100vw, 765px\" \/><\/figure>\n<\/div>\n\n\n\n<div class=\"wp-block-column is-vertically-aligned-center is-layout-flow wp-block-column-is-layout-flow\" style=\"flex-basis:30%\">\n<h2 class=\"wp-block-heading has-large-font-size\"><strong>Sur mesure<\/strong>, <\/h2>\n\n\n\n<p>Un projet, on vous \u00e9coute <\/p>\n\n\n\n<ul style=\"border-style:none;border-width:0px;line-height:1.75\" class=\"wp-block-list is-style-checkmark-list\">\n<li>un printemps en Gr\u00e8ce &#8230;<\/li>\n\n\n\n<li>une transat &#8230;<\/li>\n\n\n\n<li>une ann\u00e9e en famille &#8230;<\/li>\n\n\n\n<li>des convoyages &#8230;<\/li>\n<\/ul>\n<\/div>\n\n\n\n<div class=\"wp-block-column is-layout-flow wp-block-column-is-layout-flow\" style=\"flex-basis:20%\"><\/div>\n<\/div>\n\n\n\n<div style=\"height:50px\" aria-hidden=\"true\" class=\"wp-block-spacer\"><\/div>\n","protected":false},"excerpt":{"rendered":"<p>Sortie \u00e0 la journ\u00e9e Navigation en famille ou entre amis, d\u00e9couverte des man\u0153uvres, baignades autour d&rsquo;un d\u00e9jeuner Ev\u00e9nements festifs Enterrement de vie de jeunes filles \/ gar\u00e7ons, ap\u00e9ro \u00ab\u00a0coucher de soleil\u00a0\u00bb, feu d&rsquo;artifice &#8230; Incentive soci\u00e9t\u00e9 Journ\u00e9e \u00ab\u00a0team building\u00a0\u00bb et coh\u00e9sion, tout le monde participe aux man\u0153uvres Transfert Vous arrivez \u00e0 un a\u00e9roport ou une [&hellip;]<\/p>\n","protected":false},"author":1,"featured_media":0,"parent":0,"menu_order":0,"comment_status":"closed","ping_status":"closed","template":"","meta":{"footnotes":""},"class_list":["post-149","page","type-page","status-publish","hentry"],"_links":{"self":[{"href":"https:\/\/catamaran-nglocation.com\/index.php\/wp-json\/wp\/v2\/pages\/149","targetHints":{"allow":["GET"]}}],"collection":[{"href":"https:\/\/catamaran-nglocation.com\/index.php\/wp-json\/wp\/v2\/pages"}],"about":[{"href":"https:\/\/catamaran-nglocation.com\/index.php\/wp-json\/wp\/v2\/types\/page"}],"author":[{"embeddable":true,"href":"https:\/\/catamaran-nglocation.com\/index.php\/wp-json\/wp\/v2\/users\/1"}],"replies":[{"embeddable":true,"href":"https:\/\/catamaran-nglocation.com\/index.php\/wp-json\/wp\/v2\/comments?post=149"}],"version-history":[{"count":25,"href":"https:\/\/catamaran-nglocation.com\/index.php\/wp-json\/wp\/v2\/pages\/149\/revisions"}],"predecessor-version":[{"id":209,"href":"https:\/\/catamaran-nglocation.com\/index.php\/wp-json\/wp\/v2\/pages\/149\/revisions\/209"}],"wp:attachment":[{"href":"https:\/\/catamaran-nglocation.com\/index.php\/wp-json\/wp\/v2\/media?parent=149"}],"curies":[{"name":"wp","href":"https:\/\/api.w.org\/{rel}","templated":true}]}}