{"id":2,"date":"2024-11-14T17:02:37","date_gmt":"2024-11-14T16:02:37","guid":{"rendered":"http:\/\/catamaran-nglocation.com\/?page_id=2"},"modified":"2024-11-26T10:26:53","modified_gmt":"2024-11-26T09:26:53","slug":"contact","status":"publish","type":"page","link":"https:\/\/catamaran-nglocation.com\/index.php\/contact\/","title":{"rendered":"Contact"},"content":{"rendered":"\n<div class=\"wp-block-group is-layout-grid wp-container-core-group-is-layout-8da69725 wp-block-group-is-layout-grid\">\n<figure class=\"wp-block-gallery has-nested-images columns-default is-cropped wp-block-gallery-1 is-layout-flex wp-block-gallery-is-layout-flex\">\n<figure class=\"wp-block-image size-full\"><img loading=\"lazy\" decoding=\"async\" width=\"1598\" height=\"890\" data-id=\"55\" src=\"https:\/\/catamaran-nglocation.com\/wp-content\/uploads\/2024\/11\/Excess-11-Code-0-bis.jpg\" alt=\"\" class=\"wp-image-55\" srcset=\"https:\/\/catamaran-nglocation.com\/wp-content\/uploads\/2024\/11\/Excess-11-Code-0-bis.jpg 1598w, https:\/\/catamaran-nglocation.com\/wp-content\/uploads\/2024\/11\/Excess-11-Code-0-bis-300x167.jpg 300w, https:\/\/catamaran-nglocation.com\/wp-content\/uploads\/2024\/11\/Excess-11-Code-0-bis-1024x570.jpg 1024w, https:\/\/catamaran-nglocation.com\/wp-content\/uploads\/2024\/11\/Excess-11-Code-0-bis-768x428.jpg 768w, https:\/\/catamaran-nglocation.com\/wp-content\/uploads\/2024\/11\/Excess-11-Code-0-bis-1536x855.jpg 1536w\" sizes=\"auto, (max-width: 1598px) 100vw, 1598px\" \/><\/figure>\n<\/figure>\n\n\n\n<ul class=\"wp-block-list wp-container-content-ba34841f\">\n<li><strong>Tel.  :<\/strong> +33(0) 608 697 172<\/li>\n\n\n\n<li><strong>Email :<\/strong> <a href=\"https:\/\/www.ovh.com\/manager\/web\/#\/email_domain\/catamaran-nglocation.com\">contact@catamaran-nglocation.com<\/a><\/li>\n<\/ul>\n<\/div>\n\n\n\n<div class=\"wp-block-group is-layout-grid wp-container-core-group-is-layout-95129665 wp-block-group-is-layout-grid\">\n<p>Langues parl\u00e9es <\/p>\n\n\n\n<figure class=\"wp-block-image size-full is-resized\"><img loading=\"lazy\" decoding=\"async\" width=\"248\" height=\"164\" src=\"https:\/\/catamaran-nglocation.com\/wp-content\/uploads\/2024\/11\/francais-1.jpg\" alt=\"\" class=\"wp-image-51\" style=\"width:52px;height:auto\"\/><\/figure>\n\n\n\n<figure class=\"wp-block-image size-full is-resized\"><img loading=\"lazy\" decoding=\"async\" width=\"221\" height=\"135\" src=\"http:\/\/catamaran-nglocation.com\/wp-content\/uploads\/2024\/11\/anglais.jpg\" alt=\"\" class=\"wp-image-37\" style=\"width:55px;height:auto\"\/><\/figure>\n\n\n\n<figure class=\"wp-block-image size-full is-resized\"><img loading=\"lazy\" decoding=\"async\" width=\"221\" height=\"147\" src=\"http:\/\/catamaran-nglocation.com\/wp-content\/uploads\/2024\/11\/espagnol.jpg\" alt=\"\" class=\"wp-image-38\" style=\"width:55px;height:auto\"\/><\/figure>\n<\/div>\n\n\n\n<div style=\"height:40px\" aria-hidden=\"true\" class=\"wp-block-spacer\"><\/div>\n\n\n\n<div class=\"wp-block-group is-nowrap is-layout-flex wp-container-core-group-is-layout-6c531013 wp-block-group-is-layout-flex\">\n<p class=\"has-large-font-size\">Votre demande<\/p>\n<\/div>\n\n\n\n<div class=\"wp-block-contact-form-7-contact-form-selector\">\n<div class=\"wpcf7 no-js\" id=\"wpcf7-f251-o1\" lang=\"fr-FR\" dir=\"ltr\" data-wpcf7-id=\"251\">\n<div class=\"screen-reader-response\"><p role=\"status\" aria-live=\"polite\" aria-atomic=\"true\"><\/p> <ul><\/ul><\/div>\n<form action=\"\/index.php\/wp-json\/wp\/v2\/pages\/2#wpcf7-f251-o1\" method=\"post\" class=\"wpcf7-form init\" aria-label=\"Formulaire de contact\" novalidate=\"novalidate\" data-status=\"init\">\n<div style=\"display: none;\">\n<input type=\"hidden\" name=\"_wpcf7\" value=\"251\" \/>\n<input type=\"hidden\" name=\"_wpcf7_version\" value=\"6.0.1\" \/>\n<input type=\"hidden\" name=\"_wpcf7_locale\" value=\"fr_FR\" \/>\n<input type=\"hidden\" name=\"_wpcf7_unit_tag\" value=\"wpcf7-f251-o1\" \/>\n<input type=\"hidden\" name=\"_wpcf7_container_post\" value=\"0\" \/>\n<input type=\"hidden\" name=\"_wpcf7_posted_data_hash\" value=\"\" \/>\n<\/div>\n<p><label> <b>Votre nom<\/b><br \/>\n<span class=\"wpcf7-form-control-wrap\" data-name=\"your-name\"><input size=\"40\" maxlength=\"400\" class=\"wpcf7-form-control wpcf7-text wpcf7-validates-as-required\" autocomplete=\"name\" aria-required=\"true\" aria-invalid=\"false\" value=\"\" type=\"text\" name=\"your-name\" \/><\/span> <\/label><br \/>\n<label> <b>Votre pr\u00e9nom<\/b><br \/>\n<span class=\"wpcf7-form-control-wrap\" data-name=\"your-firstname\"><input size=\"40\" maxlength=\"400\" class=\"wpcf7-form-control wpcf7-text wpcf7-validates-as-required\" autocomplete=\"firstname\" aria-required=\"true\" aria-invalid=\"false\" value=\"\" type=\"text\" name=\"your-firstname\" \/><\/span> <\/label>\n<\/p>\n<p><label> <b>Votre e-mail<\/b><br \/>\n<span class=\"wpcf7-form-control-wrap\" data-name=\"your-email\"><input size=\"40\" maxlength=\"400\" class=\"wpcf7-form-control wpcf7-email wpcf7-validates-as-required wpcf7-text wpcf7-validates-as-email\" autocomplete=\"email\" aria-required=\"true\" aria-invalid=\"false\" value=\"\" type=\"email\" name=\"your-email\" \/><\/span> <\/label>\n<\/p>\n<p><label> <b>S\u00e9lectionner vos dates :<\/b><\/label>\n<\/p>\n<p>-> D\u00e9part : <span class=\"wpcf7-form-control-wrap\" data-name=\"date-dep\"><input class=\"wpcf7-form-control wpcf7-date wpcf7-validates-as-required wpcf7-validates-as-date\" aria-required=\"true\" aria-invalid=\"false\" value=\"\" type=\"date\" name=\"date-dep\" \/><\/span><br \/>\n-> Retour : <span class=\"wpcf7-form-control-wrap\" data-name=\"date-fin\"><input class=\"wpcf7-form-control wpcf7-date wpcf7-validates-as-required wpcf7-validates-as-date\" aria-required=\"true\" aria-invalid=\"false\" value=\"\" type=\"date\" name=\"date-fin\" \/><\/span>\n<\/p>\n<p><label> Nombre de personnes, y compris enfants : <span class=\"wpcf7-form-control-wrap\" data-name=\"equipage\"><select class=\"wpcf7-form-control wpcf7-select wpcf7-validates-as-required\" aria-required=\"true\" aria-invalid=\"false\" name=\"equipage\"><option value=\"\">2<\/option><option value=\"3\">3<\/option><option value=\"4\">4<\/option><option value=\"5\">5<\/option><option value=\"6\">6<\/option><option value=\"7\">7<\/option><option value=\"8\">8<\/option><\/select><\/span><\/label><br \/>\n(max 8 en \"hauturier\")\n<\/p>\n<p><label> <b>Votre message<\/b> (facultatif)<br \/>\n<span class=\"wpcf7-form-control-wrap\" data-name=\"your-message\"><textarea cols=\"40\" rows=\"10\" maxlength=\"2000\" class=\"wpcf7-form-control wpcf7-textarea\" aria-invalid=\"false\" name=\"your-message\"><\/textarea><\/span> <\/label>\n<\/p>\n<p><span class=\"wpcf7-form-control-wrap\" data-name=\"checkbox-ok\"><span class=\"wpcf7-form-control wpcf7-checkbox wpcf7-validates-as-required\"><span class=\"wpcf7-list-item first last\"><label><input type=\"checkbox\" name=\"checkbox-ok[]\" value=\"J\u2019accepte que ces donn\u00e9es soient stock\u00e9es et trait\u00e9es dans le but d\u2019\u00e9tablir un contact. Je suis conscient que je peux r\u00e9voquer mon consentement \u00e0 tout moment.\" \/><span class=\"wpcf7-list-item-label\">J\u2019accepte que ces donn\u00e9es soient stock\u00e9es et trait\u00e9es dans le but d\u2019\u00e9tablir un contact. Je suis conscient que je peux r\u00e9voquer mon consentement \u00e0 tout moment.<\/span><\/label><\/span><\/span><\/span>\n<\/p>\n<p><input class=\"wpcf7-form-control wpcf7-submit has-spinner\" type=\"submit\" value=\"ENVOYER\" \/>\n<\/p><p style=\"display: none !important;\" class=\"akismet-fields-container\" data-prefix=\"_wpcf7_ak_\"><label>&#916;<textarea name=\"_wpcf7_ak_hp_textarea\" cols=\"45\" rows=\"8\" maxlength=\"100\"><\/textarea><\/label><input type=\"hidden\" id=\"ak_js_1\" name=\"_wpcf7_ak_js\" value=\"115\"\/><script>document.getElementById( \"ak_js_1\" ).setAttribute( \"value\", ( new Date() ).getTime() );<\/script><\/p><div class=\"wpcf7-response-output\" aria-hidden=\"true\"><\/div>\n<\/form>\n<\/div>\n<\/div>\n\n\n\n<div style=\"height:47px\" aria-hidden=\"true\" class=\"wp-block-spacer\"><\/div>\n","protected":false},"excerpt":{"rendered":"<p>Langues parl\u00e9es Votre demande<\/p>\n","protected":false},"author":1,"featured_media":0,"parent":0,"menu_order":0,"comment_status":"closed","ping_status":"open","template":"","meta":{"footnotes":""},"class_list":["post-2","page","type-page","status-publish","hentry"],"_links":{"self":[{"href":"https:\/\/catamaran-nglocation.com\/index.php\/wp-json\/wp\/v2\/pages\/2","targetHints":{"allow":["GET"]}}],"collection":[{"href":"https:\/\/catamaran-nglocation.com\/index.php\/wp-json\/wp\/v2\/pages"}],"about":[{"href":"https:\/\/catamaran-nglocation.com\/index.php\/wp-json\/wp\/v2\/types\/page"}],"author":[{"embeddable":true,"href":"https:\/\/catamaran-nglocation.com\/index.php\/wp-json\/wp\/v2\/users\/1"}],"replies":[{"embeddable":true,"href":"https:\/\/catamaran-nglocation.com\/index.php\/wp-json\/wp\/v2\/comments?post=2"}],"version-history":[{"count":33,"href":"https:\/\/catamaran-nglocation.com\/index.php\/wp-json\/wp\/v2\/pages\/2\/revisions"}],"predecessor-version":[{"id":267,"href":"https:\/\/catamaran-nglocation.com\/index.php\/wp-json\/wp\/v2\/pages\/2\/revisions\/267"}],"wp:attachment":[{"href":"https:\/\/catamaran-nglocation.com\/index.php\/wp-json\/wp\/v2\/media?parent=2"}],"curies":[{"name":"wp","href":"https:\/\/api.w.org\/{rel}","templated":true}]}}