{"id":81,"date":"2024-11-21T17:22:16","date_gmt":"2024-11-21T16:22:16","guid":{"rendered":"https:\/\/catamaran-nglocation.com\/?page_id=81"},"modified":"2024-11-25T11:38:18","modified_gmt":"2024-11-25T10:38:18","slug":"le-catamaran","status":"publish","type":"page","link":"https:\/\/catamaran-nglocation.com\/index.php\/le-catamaran\/","title":{"rendered":"Le Catamaran"},"content":{"rendered":"\n<h1 class=\"wp-block-heading has-text-align-center has-x-large-font-size\">Sp\u00e9cificit\u00e9s 2023<\/h1>\n\n\n\n<figure class=\"wp-block-image size-large\"><img loading=\"lazy\" decoding=\"async\" width=\"1020\" height=\"1024\" src=\"https:\/\/catamaran-nglocation.com\/wp-content\/uploads\/2024\/11\/Specs-wall-e-4-1020x1024.jpg\" alt=\"\" class=\"wp-image-120\" srcset=\"https:\/\/catamaran-nglocation.com\/wp-content\/uploads\/2024\/11\/Specs-wall-e-4-1020x1024.jpg 1020w, https:\/\/catamaran-nglocation.com\/wp-content\/uploads\/2024\/11\/Specs-wall-e-4-300x300.jpg 300w, https:\/\/catamaran-nglocation.com\/wp-content\/uploads\/2024\/11\/Specs-wall-e-4-150x150.jpg 150w, https:\/\/catamaran-nglocation.com\/wp-content\/uploads\/2024\/11\/Specs-wall-e-4-768x771.jpg 768w, https:\/\/catamaran-nglocation.com\/wp-content\/uploads\/2024\/11\/Specs-wall-e-4.jpg 1494w\" sizes=\"auto, (max-width: 1020px) 100vw, 1020px\" \/><\/figure>\n\n\n\n<div class=\"wp-block-group alignfull has-base-2-background-color has-background has-global-padding is-layout-constrained wp-container-core-group-is-layout-669513ed wp-block-group-is-layout-constrained\" style=\"margin-top:0;margin-bottom:0;padding-top:var(--wp--preset--spacing--50);padding-right:var(--wp--preset--spacing--50);padding-bottom:var(--wp--preset--spacing--50);padding-left:var(--wp--preset--spacing--50)\">\n<div class=\"wp-block-columns alignwide is-layout-flex wp-container-core-columns-is-layout-d0bbbce0 wp-block-columns-is-layout-flex\">\n<div class=\"wp-block-column is-layout-flow wp-container-core-column-is-layout-e3d1c41b wp-block-column-is-layout-flow\">\n<h3 class=\"wp-block-heading has-text-align-left is-style-asterisk has-body-font-family has-medium-font-size\" style=\"font-style:normal;font-weight:600\">Une cuisine gourmet&nbsp;<\/h3>\n\n\n\n<p class=\"has-text-align-left\">Une cuisine enti\u00e8rement \u00e9quip\u00e9e pour les plus fins cuisiniers : <\/p>\n\n\n\n<p class=\"has-text-align-left\">frigo, cong\u00e9lateur, four \u00e0 gaz, feux \u00e0 gaz, micro-ondes, grille pain, Nespresso et 1 large plan de travail<\/p>\n<\/div>\n\n\n\n<div class=\"wp-block-column is-layout-flow wp-container-core-column-is-layout-e3d1c41b wp-block-column-is-layout-flow\">\n<h3 class=\"wp-block-heading has-text-align-left is-style-asterisk has-body-font-family has-medium-font-size\" style=\"font-style:normal;font-weight:600\">Des cabines confortables<\/h3>\n\n\n\n<p class=\"has-text-align-left\">2 cabines doubles avec des lits en 160&#215;200 dans la coque babord avec et 1 hublot panoramique sur la mer<\/p>\n\n\n\n<p class=\"has-text-align-left\">1 coque propri\u00e9taire  avec un lit en 220&#215;200 avec et 1 hublot panoramique sur la mer<\/p>\n\n\n\n<p class=\"has-text-align-left\">1 cabine skipper \u00e0 l&rsquo;avant avec hublot<\/p>\n<\/div>\n\n\n\n<div class=\"wp-block-column is-layout-flow wp-container-core-column-is-layout-e3d1c41b wp-block-column-is-layout-flow\">\n<h3 class=\"wp-block-heading has-text-align-left is-style-asterisk has-body-font-family has-medium-font-size\" style=\"font-style:normal;font-weight:600\">2 salles de bain<\/h3>\n\n\n\n<p class=\"has-text-align-left\">La coque babord partage une salle de bain avec wc \u00e9lectrique. <\/p>\n\n\n\n<p class=\"has-text-align-left\">La cabine propri\u00e9taire poss\u00e8de sa propre salle de bain avec douche \u00e0 l&rsquo;italienne, lavabo, wc \u00e9lectrique et 1 hublot panoramique sur la mer.<\/p>\n<\/div>\n<\/div>\n\n\n\n<div style=\"height:var(--wp--preset--spacing--20)\" aria-hidden=\"true\" class=\"wp-block-spacer\"><\/div>\n\n\n\n<div class=\"wp-block-columns alignwide is-layout-flex wp-container-core-columns-is-layout-d0bbbce0 wp-block-columns-is-layout-flex\">\n<div class=\"wp-block-column is-layout-flow wp-container-core-column-is-layout-e3d1c41b wp-block-column-is-layout-flow\">\n<h3 class=\"wp-block-heading has-text-align-left is-style-asterisk has-body-font-family has-medium-font-size\" style=\"font-style:normal;font-weight:600\">Un cockpit convivial<\/h3>\n\n\n\n<p class=\"has-text-align-left\">Un large carr\u00e9 ext\u00e9rieur accueillant 6 personnes \u00e0 table, jusqu&rsquo;\u00e0 10 avec la 2\u00e8me table<\/p>\n<\/div>\n\n\n\n<div class=\"wp-block-column is-layout-flow wp-container-core-column-is-layout-e3d1c41b wp-block-column-is-layout-flow\">\n<h3 class=\"wp-block-heading has-text-align-left is-style-asterisk has-body-font-family has-medium-font-size\" style=\"font-style:normal;font-weight:600\">Espaces de d\u00e9tente<\/h3>\n\n\n\n<p class=\"has-text-align-left\">Le carr\u00e9 ext\u00e9rieur, l&rsquo;avant du catamaran avec ses trampolines, le roof offrent de nombreuse possibilit\u00e9s de farniente et de d\u00e9tente<\/p>\n<\/div>\n\n\n\n<div class=\"wp-block-column is-layout-flow wp-container-core-column-is-layout-e3d1c41b wp-block-column-is-layout-flow\">\n<h3 class=\"wp-block-heading has-text-align-left is-style-asterisk has-body-font-family has-medium-font-size\" style=\"font-style:normal;font-weight:600\">Ressourcez vous<\/h3>\n\n\n\n<p class=\"has-text-align-left\">Apr\u00e8s une journ\u00e9e de navigation , profitez de la douceur et la tranquillit\u00e9 des mouillages<\/p>\n<\/div>\n<\/div>\n<\/div>\n\n\n\n<h1 class=\"wp-block-heading has-text-align-center has-x-large-font-size\">Galerie<\/h1>\n\n\n\n<figure class=\"wp-block-gallery has-nested-images columns-default is-cropped wp-block-gallery-1 is-layout-flex wp-block-gallery-is-layout-flex\">\n<figure class=\"wp-block-image size-large\"><img loading=\"lazy\" decoding=\"async\" width=\"969\" height=\"662\" data-id=\"205\" src=\"https:\/\/catamaran-nglocation.com\/wp-content\/uploads\/2024\/11\/Excess-11-cover-1200x900-2.jpg\" alt=\"\" class=\"wp-image-205\" srcset=\"https:\/\/catamaran-nglocation.com\/wp-content\/uploads\/2024\/11\/Excess-11-cover-1200x900-2.jpg 969w, https:\/\/catamaran-nglocation.com\/wp-content\/uploads\/2024\/11\/Excess-11-cover-1200x900-2-300x205.jpg 300w, https:\/\/catamaran-nglocation.com\/wp-content\/uploads\/2024\/11\/Excess-11-cover-1200x900-2-768x525.jpg 768w\" sizes=\"auto, (max-width: 969px) 100vw, 969px\" \/><\/figure>\n\n\n\n<figure class=\"wp-block-image size-large\"><img loading=\"lazy\" decoding=\"async\" width=\"768\" height=\"1024\" data-id=\"98\" src=\"https:\/\/catamaran-nglocation.com\/wp-content\/uploads\/2024\/11\/Wall-e-tramp-et-roof-2-768x1024.jpg\" alt=\"\" class=\"wp-image-98\" srcset=\"https:\/\/catamaran-nglocation.com\/wp-content\/uploads\/2024\/11\/Wall-e-tramp-et-roof-2-768x1024.jpg 768w, https:\/\/catamaran-nglocation.com\/wp-content\/uploads\/2024\/11\/Wall-e-tramp-et-roof-2-225x300.jpg 225w, https:\/\/catamaran-nglocation.com\/wp-content\/uploads\/2024\/11\/Wall-e-tramp-et-roof-2-1152x1536.jpg 1152w, https:\/\/catamaran-nglocation.com\/wp-content\/uploads\/2024\/11\/Wall-e-tramp-et-roof-2-1536x2048.jpg 1536w, https:\/\/catamaran-nglocation.com\/wp-content\/uploads\/2024\/11\/Wall-e-tramp-et-roof-2-scaled.jpg 1920w\" sizes=\"auto, (max-width: 768px) 100vw, 768px\" \/><\/figure>\n\n\n\n<figure class=\"wp-block-image size-large\"><img loading=\"lazy\" decoding=\"async\" width=\"768\" height=\"1024\" data-id=\"97\" src=\"https:\/\/catamaran-nglocation.com\/wp-content\/uploads\/2024\/11\/Wall-e-passe-avant-1-768x1024.jpg\" alt=\"\" class=\"wp-image-97\" srcset=\"https:\/\/catamaran-nglocation.com\/wp-content\/uploads\/2024\/11\/Wall-e-passe-avant-1-768x1024.jpg 768w, https:\/\/catamaran-nglocation.com\/wp-content\/uploads\/2024\/11\/Wall-e-passe-avant-1-225x300.jpg 225w, https:\/\/catamaran-nglocation.com\/wp-content\/uploads\/2024\/11\/Wall-e-passe-avant-1-1152x1536.jpg 1152w, https:\/\/catamaran-nglocation.com\/wp-content\/uploads\/2024\/11\/Wall-e-passe-avant-1-1536x2048.jpg 1536w, https:\/\/catamaran-nglocation.com\/wp-content\/uploads\/2024\/11\/Wall-e-passe-avant-1-scaled.jpg 1920w\" sizes=\"auto, (max-width: 768px) 100vw, 768px\" \/><\/figure>\n\n\n\n<figure class=\"wp-block-image size-large\"><img loading=\"lazy\" decoding=\"async\" width=\"768\" height=\"1024\" data-id=\"92\" src=\"https:\/\/catamaran-nglocation.com\/wp-content\/uploads\/2024\/11\/Wall-e-carre-exterieur-1-768x1024.jpg\" alt=\"\" class=\"wp-image-92\" srcset=\"https:\/\/catamaran-nglocation.com\/wp-content\/uploads\/2024\/11\/Wall-e-carre-exterieur-1-768x1024.jpg 768w, https:\/\/catamaran-nglocation.com\/wp-content\/uploads\/2024\/11\/Wall-e-carre-exterieur-1-225x300.jpg 225w, https:\/\/catamaran-nglocation.com\/wp-content\/uploads\/2024\/11\/Wall-e-carre-exterieur-1-1152x1536.jpg 1152w, https:\/\/catamaran-nglocation.com\/wp-content\/uploads\/2024\/11\/Wall-e-carre-exterieur-1-1536x2048.jpg 1536w, https:\/\/catamaran-nglocation.com\/wp-content\/uploads\/2024\/11\/Wall-e-carre-exterieur-1-scaled.jpg 1920w\" sizes=\"auto, (max-width: 768px) 100vw, 768px\" \/><\/figure>\n\n\n\n<figure class=\"wp-block-image size-large\"><img loading=\"lazy\" decoding=\"async\" width=\"768\" height=\"1024\" data-id=\"95\" src=\"https:\/\/catamaran-nglocation.com\/wp-content\/uploads\/2024\/11\/Wall-e-cuisine-2-768x1024.jpg\" alt=\"\" class=\"wp-image-95\" srcset=\"https:\/\/catamaran-nglocation.com\/wp-content\/uploads\/2024\/11\/Wall-e-cuisine-2-768x1024.jpg 768w, https:\/\/catamaran-nglocation.com\/wp-content\/uploads\/2024\/11\/Wall-e-cuisine-2-225x300.jpg 225w, https:\/\/catamaran-nglocation.com\/wp-content\/uploads\/2024\/11\/Wall-e-cuisine-2-1152x1536.jpg 1152w, https:\/\/catamaran-nglocation.com\/wp-content\/uploads\/2024\/11\/Wall-e-cuisine-2-1536x2048.jpg 1536w, https:\/\/catamaran-nglocation.com\/wp-content\/uploads\/2024\/11\/Wall-e-cuisine-2-scaled.jpg 1920w\" sizes=\"auto, (max-width: 768px) 100vw, 768px\" \/><\/figure>\n\n\n\n<figure class=\"wp-block-image size-large\"><img loading=\"lazy\" decoding=\"async\" width=\"768\" height=\"1024\" data-id=\"101\" src=\"https:\/\/catamaran-nglocation.com\/wp-content\/uploads\/2024\/11\/Wall-e-lit-avant-babord-2-768x1024.jpg\" alt=\"\" class=\"wp-image-101\" srcset=\"https:\/\/catamaran-nglocation.com\/wp-content\/uploads\/2024\/11\/Wall-e-lit-avant-babord-2-768x1024.jpg 768w, https:\/\/catamaran-nglocation.com\/wp-content\/uploads\/2024\/11\/Wall-e-lit-avant-babord-2-225x300.jpg 225w, https:\/\/catamaran-nglocation.com\/wp-content\/uploads\/2024\/11\/Wall-e-lit-avant-babord-2-1152x1536.jpg 1152w, https:\/\/catamaran-nglocation.com\/wp-content\/uploads\/2024\/11\/Wall-e-lit-avant-babord-2-1536x2048.jpg 1536w, https:\/\/catamaran-nglocation.com\/wp-content\/uploads\/2024\/11\/Wall-e-lit-avant-babord-2-scaled.jpg 1920w\" sizes=\"auto, (max-width: 768px) 100vw, 768px\" \/><\/figure>\n\n\n\n<figure class=\"wp-block-image size-large\"><img loading=\"lazy\" decoding=\"async\" width=\"768\" height=\"1024\" data-id=\"99\" src=\"https:\/\/catamaran-nglocation.com\/wp-content\/uploads\/2024\/11\/Wall-e-accueil-coque-proprio-2-768x1024.jpg\" alt=\"\" class=\"wp-image-99\" srcset=\"https:\/\/catamaran-nglocation.com\/wp-content\/uploads\/2024\/11\/Wall-e-accueil-coque-proprio-2-768x1024.jpg 768w, https:\/\/catamaran-nglocation.com\/wp-content\/uploads\/2024\/11\/Wall-e-accueil-coque-proprio-2-225x300.jpg 225w, https:\/\/catamaran-nglocation.com\/wp-content\/uploads\/2024\/11\/Wall-e-accueil-coque-proprio-2-1152x1536.jpg 1152w, https:\/\/catamaran-nglocation.com\/wp-content\/uploads\/2024\/11\/Wall-e-accueil-coque-proprio-2-1536x2048.jpg 1536w, https:\/\/catamaran-nglocation.com\/wp-content\/uploads\/2024\/11\/Wall-e-accueil-coque-proprio-2-scaled.jpg 1920w\" sizes=\"auto, (max-width: 768px) 100vw, 768px\" \/><\/figure>\n\n\n\n<figure class=\"wp-block-image size-large\"><img loading=\"lazy\" decoding=\"async\" width=\"768\" height=\"1024\" data-id=\"100\" src=\"https:\/\/catamaran-nglocation.com\/wp-content\/uploads\/2024\/11\/Wall-e-lit-proprio-2-768x1024.jpg\" alt=\"\" class=\"wp-image-100\" srcset=\"https:\/\/catamaran-nglocation.com\/wp-content\/uploads\/2024\/11\/Wall-e-lit-proprio-2-768x1024.jpg 768w, https:\/\/catamaran-nglocation.com\/wp-content\/uploads\/2024\/11\/Wall-e-lit-proprio-2-225x300.jpg 225w, https:\/\/catamaran-nglocation.com\/wp-content\/uploads\/2024\/11\/Wall-e-lit-proprio-2-1152x1536.jpg 1152w, https:\/\/catamaran-nglocation.com\/wp-content\/uploads\/2024\/11\/Wall-e-lit-proprio-2-1536x2048.jpg 1536w, https:\/\/catamaran-nglocation.com\/wp-content\/uploads\/2024\/11\/Wall-e-lit-proprio-2-scaled.jpg 1920w\" sizes=\"auto, (max-width: 768px) 100vw, 768px\" \/><\/figure>\n\n\n\n<figure class=\"wp-block-image size-large\"><img loading=\"lazy\" decoding=\"async\" width=\"768\" height=\"1024\" data-id=\"102\" src=\"https:\/\/catamaran-nglocation.com\/wp-content\/uploads\/2024\/11\/Wall-e-sde-proprio-2-768x1024.jpg\" alt=\"\" class=\"wp-image-102\" srcset=\"https:\/\/catamaran-nglocation.com\/wp-content\/uploads\/2024\/11\/Wall-e-sde-proprio-2-768x1024.jpg 768w, https:\/\/catamaran-nglocation.com\/wp-content\/uploads\/2024\/11\/Wall-e-sde-proprio-2-225x300.jpg 225w, https:\/\/catamaran-nglocation.com\/wp-content\/uploads\/2024\/11\/Wall-e-sde-proprio-2-1152x1536.jpg 1152w, https:\/\/catamaran-nglocation.com\/wp-content\/uploads\/2024\/11\/Wall-e-sde-proprio-2-1536x2048.jpg 1536w, https:\/\/catamaran-nglocation.com\/wp-content\/uploads\/2024\/11\/Wall-e-sde-proprio-2-scaled.jpg 1920w\" sizes=\"auto, (max-width: 768px) 100vw, 768px\" \/><\/figure>\n\n\n\n<figure class=\"wp-block-image size-large\"><img loading=\"lazy\" decoding=\"async\" width=\"1024\" height=\"626\" data-id=\"85\" src=\"https:\/\/catamaran-nglocation.com\/wp-content\/uploads\/2024\/11\/Plan-Excess-11-1-1024x626.jpg\" alt=\"\" class=\"wp-image-85\" srcset=\"https:\/\/catamaran-nglocation.com\/wp-content\/uploads\/2024\/11\/Plan-Excess-11-1-1024x626.jpg 1024w, https:\/\/catamaran-nglocation.com\/wp-content\/uploads\/2024\/11\/Plan-Excess-11-1-300x183.jpg 300w, https:\/\/catamaran-nglocation.com\/wp-content\/uploads\/2024\/11\/Plan-Excess-11-1-768x469.jpg 768w, https:\/\/catamaran-nglocation.com\/wp-content\/uploads\/2024\/11\/Plan-Excess-11-1-1536x939.jpg 1536w, https:\/\/catamaran-nglocation.com\/wp-content\/uploads\/2024\/11\/Plan-Excess-11-1.jpg 1880w\" sizes=\"auto, (max-width: 1024px) 100vw, 1024px\" \/><\/figure>\n\n\n\n<figure class=\"wp-block-image size-large\"><img loading=\"lazy\" decoding=\"async\" width=\"1024\" height=\"683\" data-id=\"84\" src=\"https:\/\/catamaran-nglocation.com\/wp-content\/uploads\/2024\/11\/Plan-Jour-Excess-11-1-1024x683.jpg\" alt=\"\" class=\"wp-image-84\" srcset=\"https:\/\/catamaran-nglocation.com\/wp-content\/uploads\/2024\/11\/Plan-Jour-Excess-11-1-1024x683.jpg 1024w, https:\/\/catamaran-nglocation.com\/wp-content\/uploads\/2024\/11\/Plan-Jour-Excess-11-1-300x200.jpg 300w, https:\/\/catamaran-nglocation.com\/wp-content\/uploads\/2024\/11\/Plan-Jour-Excess-11-1-768x512.jpg 768w, https:\/\/catamaran-nglocation.com\/wp-content\/uploads\/2024\/11\/Plan-Jour-Excess-11-1.jpg 1200w\" sizes=\"auto, (max-width: 1024px) 100vw, 1024px\" \/><\/figure>\n<\/figure>\n\n\n\n<div style=\"height:4px\" aria-hidden=\"true\" class=\"wp-block-spacer\"><\/div>\n","protected":false},"excerpt":{"rendered":"<p>Sp\u00e9cificit\u00e9s 2023 Une cuisine gourmet&nbsp; Une cuisine enti\u00e8rement \u00e9quip\u00e9e pour les plus fins cuisiniers : frigo, cong\u00e9lateur, four \u00e0 gaz, feux \u00e0 gaz, micro-ondes, grille pain, Nespresso et 1 large plan de travail Des cabines confortables 2 cabines doubles avec des lits en 160&#215;200 dans la coque babord avec et 1 hublot panoramique sur la [&hellip;]<\/p>\n","protected":false},"author":1,"featured_media":59,"parent":0,"menu_order":0,"comment_status":"closed","ping_status":"closed","template":"","meta":{"footnotes":""},"class_list":["post-81","page","type-page","status-publish","has-post-thumbnail","hentry"],"_links":{"self":[{"href":"https:\/\/catamaran-nglocation.com\/index.php\/wp-json\/wp\/v2\/pages\/81","targetHints":{"allow":["GET"]}}],"collection":[{"href":"https:\/\/catamaran-nglocation.com\/index.php\/wp-json\/wp\/v2\/pages"}],"about":[{"href":"https:\/\/catamaran-nglocation.com\/index.php\/wp-json\/wp\/v2\/types\/page"}],"author":[{"embeddable":true,"href":"https:\/\/catamaran-nglocation.com\/index.php\/wp-json\/wp\/v2\/users\/1"}],"replies":[{"embeddable":true,"href":"https:\/\/catamaran-nglocation.com\/index.php\/wp-json\/wp\/v2\/comments?post=81"}],"version-history":[{"count":18,"href":"https:\/\/catamaran-nglocation.com\/index.php\/wp-json\/wp\/v2\/pages\/81\/revisions"}],"predecessor-version":[{"id":246,"href":"https:\/\/catamaran-nglocation.com\/index.php\/wp-json\/wp\/v2\/pages\/81\/revisions\/246"}],"wp:featuredmedia":[{"embeddable":true,"href":"https:\/\/catamaran-nglocation.com\/index.php\/wp-json\/wp\/v2\/media\/59"}],"wp:attachment":[{"href":"https:\/\/catamaran-nglocation.com\/index.php\/wp-json\/wp\/v2\/media?parent=81"}],"curies":[{"name":"wp","href":"https:\/\/api.w.org\/{rel}","templated":true}]}}